{"id":1118,"date":"2022-01-21T15:08:45","date_gmt":"2022-01-21T14:08:45","guid":{"rendered":"https:\/\/www.platanhorses.sk\/?page_id=1118"},"modified":"2022-02-18T10:57:27","modified_gmt":"2022-02-18T09:57:27","slug":"jazdenie-2","status":"publish","type":"page","link":"https:\/\/www.platanhorses.sk\/en\/jazdenie-2\/","title":{"rendered":"Riding"},"content":{"rendered":"<section class=\"section dark has-parallax\" id=\"section_581573114\">\n\t\t<div class=\"bg section-bg fill bg-fill\" data-parallax-container=\".section\" data-parallax-background data-parallax=\"-7\">\n\n\t\t\t\n\t\t\t\n\t\t\t\n\t<div class=\"is-border\"\n\t\tstyle=\"border-color:rgb(255, 255, 255);border-width:0px 80px 0px 80px;\">\n\t<\/div>\n\n\t\t<\/div>\n\n\t\t<div class=\"section-content relative\">\n\t\t\t\n\n\t<div id=\"gap-1561668957\" class=\"gap-element clearfix\" style=\"display:block; height:auto;\">\n\t\t\n<style>\n#gap-1561668957 {\n  padding-top: 30px;\n}\n<\/style>\n\t<\/div>\n\t\n\n<div class=\"row align-center\"  id=\"row-822816228\">\n\n\n\t<div id=\"col-379360907\" class=\"col medium-10 small-12 large-9\"  >\n\t\t\t\t<div class=\"col-inner text-center\"  >\n\t\t\t\n\t\t\t\n\n\t<div id=\"text-2211009441\" class=\"text\">\n\t\t\n\n<p><span style=\"font-size: 150%;\">RIDING AND RIDING SCHOOL<\/span><\/p>\n<h1><span style=\"font-size: 170%;\">For beginners and experienced riders<\/span><\/h1>\n\t\t\n<style>\n#text-2211009441 {\n  text-align: left;\n}\n<\/style>\n\t<\/div>\n\t\n\n\t\t<\/div>\n\t\t\t\t\t<\/div>\n\n\t\n\n<\/div>\n\n\t\t<\/div>\n\n\t\t\n<style>\n#section_581573114 {\n  padding-top: 206px;\n  padding-bottom: 206px;\n  margin-bottom: 150px;\n  min-height: 500px;\n}\n#section_581573114 .section-bg-overlay {\n  background-color: rgba(0, 0, 0, 0.15);\n}\n#section_581573114 .section-bg.bg-loaded {\n  background-image: url(https:\/\/www.platanhorses.sk\/wp-content\/uploads\/2021\/10\/IMG_2151-scaled.jpg);\n}\n#section_581573114 .section-bg {\n  background-position: 45% 86%;\n}\n@media (min-width:550px) {\n  #section_581573114 {\n    min-height: 600px;\n  }\n  #section_581573114 .section-bg-overlay {\n    background-color: rgba(0, 0, 0, 0.09);\n  }\n}\n<\/style>\n\t<\/section>\n\t\n\t<section class=\"section\" id=\"section_1613117444\">\n\t\t<div class=\"bg section-bg fill bg-fill  bg-loaded\" >\n\n\t\t\t\n\t\t\t\n\t\t\t\n\n\t\t<\/div>\n\n\t\t<div class=\"section-content relative\">\n\t\t\t\n\n<div class=\"row align-center\"  id=\"row-1658283369\">\n\n\n\t<div id=\"col-1782352029\" class=\"col medium-10 small-12 large-9\"  >\n\t\t\t\t<div class=\"col-inner text-center\"  >\n\t\t\t\n\t\t\t\n\n<p style=\"text-align: left;\"><span style=\"font-size: 130%;\">You used to know us as Butterfly Ranch, but from now on, however, we are changing to Butterfly Riding School.<\/span><\/p>\n<p style=\"text-align: left;\"><span style=\"font-size: 130%;\">Poznali ste n\u00e1s ako Butterfly ran\u010d. Od teraz n\u00e1s budete pozna\u0165 ako Butterfly jazdeck\u00e1 \u0161kola. P\u00f4sob\u00edme v&nbsp;n\u00e1dhernom novom are\u00e1li pri Bratislave. Umeniu jazdi\u0165 na koni sa u&nbsp;n\u00e1s nau\u010dia dospel\u00ed aj deti (u\u017e od troch rokov).<\/span><\/p>\n<p>&nbsp;<\/p>\n<p>&nbsp;<\/p>\n<p>&nbsp; &nbsp;&nbsp;<\/p>\n\t<div id=\"gap-1990565656\" class=\"gap-element clearfix\" style=\"display:block; height:auto;\">\n\t\t\n<style>\n#gap-1990565656 {\n  padding-top: 30px;\n}\n<\/style>\n\t<\/div>\n\t\n\n<div class=\"row\"  id=\"row-1301046496\">\n\n\n\t<div id=\"col-147625379\" class=\"col small-12 large-12\"  >\n\t\t\t\t<div class=\"col-inner\"  >\n\t\t\t\n\t\t\t\n\n<h1><span style=\"color: #99cc00; font-size: 200%;\">|<\/span>There is no danger from a horse to a dignified and respectable person.<\/h1>\n<p class=\"blockquote-cite\"><cite>Klaus Hempfling<\/cite>Author of the book \u201cIt's not I who seek the horse The horse seeks me.\u201d<\/p>\n\n\t\t<\/div>\n\t\t\t\t\t<\/div>\n\n\t\n\n<\/div>\n\n\t\t<\/div>\n\t\t\t\t\t<\/div>\n\n\t\n\n\t<div id=\"col-669976235\" class=\"col medium-9 small-12 large-9\"  >\n\t\t\t\t<div class=\"col-inner\"  >\n\t\t\t\n\t\t\t\n\n<p><span style=\"font-size: 130%;\">The equestrian center offers riding for every level and almost every age. Children ride with us from 3 years. Adults enjoy majesty and relaxation.<\/span><\/p>\n\n\t\t<\/div>\n\t\t\t\t\t<\/div>\n\n\t\n\n<\/div>\n\n\t\t<\/div>\n\n\t\t\n<style>\n#section_1613117444 {\n  padding-top: 80px;\n  padding-bottom: 80px;\n}\n<\/style>\n\t<\/section>\n\t\n\t<section class=\"section\" id=\"section_1949568322\">\n\t\t<div class=\"bg section-bg fill bg-fill  bg-loaded\" >\n\n\t\t\t\n\t\t\t\n\t\t\t\n\n\t\t<\/div>\n\n\t\t<div class=\"section-content relative\">\n\t\t\t\n\n<div class=\"row\"  id=\"row-145311153\">\n\n\n\t<div id=\"col-1673124159\" class=\"col small-12 large-12\"  >\n\t\t\t\t<div class=\"col-inner\" style=\"background-color:rgba(190, 190, 190, 0.267);\" >\n\t\t\t\n\t\t\t\n\n<div class=\"row row-collapse align-middle\"  id=\"row-922352465\">\n\n\n\t<div id=\"col-2123146263\" class=\"col medium-6 small-12 large-6\"  >\n\t\t\t\t<div class=\"col-inner\"  >\n\t\t\t\n\t\t\t\n\n\n  <div class=\"banner has-hover\" id=\"banner-1806661588\">\n          <div class=\"banner-inner fill\">\n        <div class=\"banner-bg fill\" >\n            <div class=\"bg fill bg-fill\"><\/div>\n                                    \n                    <\/div>\n        <div class=\"banner-layers container\">\n            <div class=\"fill banner-link\"><\/div>            \n\n   <div id=\"text-box-1863163370\" class=\"text-box banner-layer x50 md-x50 lg-x50 y50 md-y50 lg-y50 res-text\">\n                                <div class=\"text-box-content text dark\">\n              \n              <div class=\"text-inner text-center\">\n                  \n\n\n              <\/div>\n           <\/div>\n                            \n<style>\n#text-box-1863163370 {\n  width: 60%;\n}\n#text-box-1863163370 .text-box-content {\n  font-size: 100%;\n}\n@media (min-width:550px) {\n  #text-box-1863163370 {\n    width: 60%;\n  }\n}\n<\/style>\n    <\/div>\n \n\n        <\/div>\n      <\/div>\n\n            \n<style>\n#banner-1806661588 {\n  padding-top: 99.99%;\n  background-color: #273647;\n}\n#banner-1806661588 .bg.bg-loaded {\n  background-image: url(https:\/\/www.platanhorses.sk\/wp-content\/uploads\/2022\/01\/zaciat.jpg);\n}\n@media (min-width:550px) {\n  #banner-1806661588 {\n    padding-top: 623px;\n  }\n}\n<\/style>\n  <\/div>\n\n\n\n\t\t<\/div>\n\t\t\t\t\t<\/div>\n\n\t\n\n\t<div id=\"col-960606953\" class=\"col medium-6 small-12 large-6\"  >\n\t\t\t\t<div class=\"col-inner text-center dark\"  >\n\t\t\t\n\t\t\t\n\n<h1 class=\"card-title\" style=\"text-align: left;\"><span style=\"color: #000000; font-size: 140%;\">Horse riding for beginners<\/span><\/h1>\n<div class=\"card-text\" style=\"text-align: left;\"><span style=\"color: #000000;\">It doesn't matter how old you are. Young or even those who have already experienced something in life. Even the longest journey begins with the first step. The same applies to horseback riding. Sign up for our riding school and you will learn not only how to ride a horse but also how to control and steer this majestic animal. You will learn:<\/span><\/div>\n<div>&nbsp;<\/div>\n<div class=\"card-text\" style=\"text-align: left;\">\n<ul>\n<li style=\"text-align: left;\"><span style=\"color: #000000;\">treat the animal correctly<\/span><\/li>\n<li style=\"text-align: left;\"><span style=\"color: #000000;\">the basics of horse anatomy<\/span><\/li>\n<li style=\"text-align: left;\"><span style=\"color: #000000;\">correct sitting<\/span><\/li>\n<li style=\"text-align: left;\"><span style=\"color: #000000;\">basic types of horse gaits<\/span><\/li>\n<li style=\"text-align: left;\"><span style=\"color: #000000;\">Dexterity on horseback<\/span><\/li>\n<li style=\"text-align: left;\"><span style=\"color: #000000;\">and of course how to stop a horse<\/span><\/li>\n<\/ul>\n<\/div>\n<div class=\"ux-logo has-hover align-middle ux_logo inline-block\" style=\"max-width: 100%!important; width: auto!important\"><div class=\"ux-logo-link block image-\" title=\"\"  href=\"\" style=\"padding: 15px;\"><img src=\"\" title=\"\" alt=\"\" class=\"ux-logo-image block\" style=\"height:50px;\" \/><\/div><\/div>\n\n\n\t\t<\/div>\n\t\t\t\t\n<style>\n#col-960606953 > .col-inner {\n  padding: 40px 40px 40px 40px;\n}\n<\/style>\n\t<\/div>\n\n\t\n\n<\/div>\n\n\t\t<\/div>\n\t\t\t\t\t<\/div>\n\n\t\n\n\n<style>\n#row-145311153 > .col > .col-inner {\n  background-color: #273647;\n}\n<\/style>\n<\/div>\n\n\t\t<\/div>\n\n\t\t\n<style>\n#section_1949568322 {\n  padding-top: 60px;\n  padding-bottom: 60px;\n}\n<\/style>\n\t<\/section>\n\t\n\t<section class=\"section\" id=\"section_735127907\">\n\t\t<div class=\"bg section-bg fill bg-fill  bg-loaded\" >\n\n\t\t\t\n\t\t\t\n\t\t\t\n\n\t\t<\/div>\n\n\t\t<div class=\"section-content relative\">\n\t\t\t\n\n<div class=\"row\"  id=\"row-310862972\">\n\n\n\t<div id=\"col-367404902\" class=\"col small-12 large-12\"  >\n\t\t\t\t<div class=\"col-inner\" style=\"background-color:rgba(190, 190, 190, 0.267);\" >\n\t\t\t\n\t\t\t\n\n<div class=\"row row-collapse align-middle\"  id=\"row-714795665\">\n\n\n\t<div id=\"col-218872786\" class=\"col medium-6 small-12 large-6\"  >\n\t\t\t\t<div class=\"col-inner\"  >\n\t\t\t\n\t\t\t\n\n\n  <div class=\"banner has-hover\" id=\"banner-486512921\">\n          <div class=\"banner-inner fill\">\n        <div class=\"banner-bg fill\" >\n            <div class=\"bg fill bg-fill\"><\/div>\n                                    \n                    <\/div>\n        <div class=\"banner-layers container\">\n            <div class=\"fill banner-link\"><\/div>            \n\n   <div id=\"text-box-246403500\" class=\"text-box banner-layer x50 md-x50 lg-x50 y50 md-y50 lg-y50 res-text\">\n                                <div class=\"text-box-content text dark\">\n              \n              <div class=\"text-inner text-center\">\n                  \n\n\n              <\/div>\n           <\/div>\n                            \n<style>\n#text-box-246403500 {\n  width: 60%;\n}\n#text-box-246403500 .text-box-content {\n  font-size: 100%;\n}\n@media (min-width:550px) {\n  #text-box-246403500 {\n    width: 60%;\n  }\n}\n<\/style>\n    <\/div>\n \n\n        <\/div>\n      <\/div>\n\n            \n<style>\n#banner-486512921 {\n  padding-top: 99.99%;\n  background-color: #273647;\n}\n#banner-486512921 .bg.bg-loaded {\n  background-image: 1137;\n}\n@media (min-width:550px) {\n  #banner-486512921 {\n    padding-top: 536px;\n  }\n}\n<\/style>\n  <\/div>\n\n\n\n\t\t<\/div>\n\t\t\t\t\t<\/div>\n\n\t\n\n\t<div id=\"col-1411217111\" class=\"col medium-6 small-12 large-6\"  >\n\t\t\t\t<div class=\"col-inner text-center dark\"  >\n\t\t\t\n\t\t\t\n\n<h1 class=\"card-title\" style=\"text-align: left;\"><span style=\"color: #000000; font-size: 140%;\">Horse riding for advanced riders<\/span><\/h1>\n<div class=\"card-text\" style=\"text-align: left;\"><span style=\"color: #000000;\">Those who master the basics of horseback riding will certainly not be satisfied with the level they reached. Naturally, they will want more. For example, they would like to go for a ride around the area. However, their horseback riding will be different. It will be more natural without the need to focus on every single movement.<\/span><\/div>\n<div>&nbsp;<\/div>\n<div class=\"card-text\" style=\"text-align: left;\">\n<ul>\n<li style=\"text-align: left;\"><span style=\"color: #000000;\">improving your position in the saddle<\/span><\/li>\n<li style=\"text-align: left;\"><span style=\"color: #000000;\">walks in colourful surroundings<\/span><\/li>\n<li style=\"text-align: left;\"><span style=\"color: #000000;\">different riding styles<\/span><\/li>\n<li style=\"text-align: left;\"><span style=\"color: #000000;\">better coordination on horseback<\/span><\/li>\n<li style=\"text-align: left;\"><span style=\"color: #000000;\">increased riding confidence<\/span><\/li>\n<\/ul>\n<\/div>\n<div class=\"ux-logo has-hover align-middle ux_logo inline-block\" style=\"max-width: 100%!important; width: auto!important\"><div class=\"ux-logo-link block image-\" title=\"\"  href=\"\" style=\"padding: 15px;\"><img src=\"\" title=\"\" alt=\"\" class=\"ux-logo-image block\" style=\"height:50px;\" \/><\/div><\/div>\n\n\n\t\t<\/div>\n\t\t\t\t\n<style>\n#col-1411217111 > .col-inner {\n  padding: 40px 40px 40px 40px;\n}\n<\/style>\n\t<\/div>\n\n\t\n\n<\/div>\n\n\t\t<\/div>\n\t\t\t\t\t<\/div>\n\n\t\n\n\n<style>\n#row-310862972 > .col > .col-inner {\n  background-color: #273647;\n}\n<\/style>\n<\/div>\n\n\t\t<\/div>\n\n\t\t\n<style>\n#section_735127907 {\n  padding-top: 60px;\n  padding-bottom: 60px;\n}\n<\/style>\n\t<\/section>\n\t\n\t<section class=\"section\" id=\"section_1692093584\">\n\t\t<div class=\"bg section-bg fill bg-fill  bg-loaded\" >\n\n\t\t\t\n\t\t\t\n\t\t\t\n\n\t\t<\/div>\n\n\t\t<div class=\"section-content relative\">\n\t\t\t\n\n<div class=\"row\"  id=\"row-62870329\">\n\n\n\t<div id=\"col-1445727876\" class=\"col small-12 large-12\"  >\n\t\t\t\t<div class=\"col-inner\" style=\"background-color:rgba(190, 190, 190, 0.267);\" >\n\t\t\t\n\t\t\t\n\n<div class=\"row row-collapse align-middle\"  id=\"row-249430790\">\n\n\n\t<div id=\"col-1257720123\" class=\"col medium-6 small-12 large-6\"  >\n\t\t\t\t<div class=\"col-inner\"  >\n\t\t\t\n\t\t\t\n\n\n  <div class=\"banner has-hover\" id=\"banner-720452536\">\n          <div class=\"banner-inner fill\">\n        <div class=\"banner-bg fill\" >\n            <div class=\"bg fill bg-fill\"><\/div>\n                                    \n                    <\/div>\n        <div class=\"banner-layers container\">\n            <div class=\"fill banner-link\"><\/div>            \n\n   <div id=\"text-box-730217649\" class=\"text-box banner-layer x50 md-x50 lg-x50 y50 md-y50 lg-y50 res-text\">\n                                <div class=\"text-box-content text dark\">\n              \n              <div class=\"text-inner text-center\">\n                  \n\n\n              <\/div>\n           <\/div>\n                            \n<style>\n#text-box-730217649 {\n  width: 60%;\n}\n#text-box-730217649 .text-box-content {\n  font-size: 100%;\n}\n@media (min-width:550px) {\n  #text-box-730217649 {\n    width: 60%;\n  }\n}\n<\/style>\n    <\/div>\n \n\n        <\/div>\n      <\/div>\n\n            \n<style>\n#banner-720452536 {\n  padding-top: 99.99%;\n  background-color: #273647;\n}\n#banner-720452536 .bg.bg-loaded {\n  background-image: url(https:\/\/www.platanhorses.sk\/wp-content\/uploads\/2022\/01\/spec.jpg);\n}\n@media (min-width:550px) {\n  #banner-720452536 {\n    padding-top: 502px;\n  }\n}\n<\/style>\n  <\/div>\n\n\n\n\t\t<\/div>\n\t\t\t\t\t<\/div>\n\n\t\n\n\t<div id=\"col-1271713493\" class=\"col medium-6 small-12 large-6\"  >\n\t\t\t\t<div class=\"col-inner text-center dark\"  >\n\t\t\t\n\t\t\t\n\n<h1 class=\"card-title\" style=\"text-align: left;\"><span style=\"color: #000000; font-size: 140%;\">Special experiences<\/span><\/h1>\n<div class=\"card-text\" style=\"text-align: left;\"><span style=\"color: #000000;\">Zauj\u00edmaj\u00fa v\u00e1s aj netypick\u00e9 z\u00e1\u017eitky s&nbsp;ko\u0148mi? Splynutie du\u0161e a&nbsp;pr\u00edrody. Spojenie jazdy so zdrav\u00edm. Bez ob\u00e1v si vychutn\u00e1te jazdu na koni. Sedie\u0165 na \u0148om budete s&nbsp;gr\u00e1ciou a&nbsp;z\u00e1rove\u0148 prirodzene posiln\u00edte svoju chrbticu. Nau\u010d\u00edme v\u00e1s starostlivosti o&nbsp;ko\u0148a \u201ezo zeme\u201c. Nahliadnete do tajov stajne a vybudujete si d\u00f4vern\u00fd vz\u0165ah s&nbsp;ko\u0148om. Op\u00fdtajte sa n\u00e1s, \u010do sme s&nbsp;na\u0161imi fyzioterapeutmi a psychol\u00f3gmi pripravili.<\/span><\/div>\n<div>&nbsp;<\/div>\n<div>&nbsp;<\/div>\n<div>&nbsp;<\/div>\n<div>&nbsp;<\/div>\n<div class=\"ux-logo has-hover align-middle ux_logo inline-block\" style=\"max-width: 100%!important; width: auto!important\"><div class=\"ux-logo-link block image-\" title=\"\"  href=\"\" style=\"padding: 15px;\"><img src=\"\" title=\"\" alt=\"\" class=\"ux-logo-image block\" style=\"height:50px;\" \/><\/div><\/div>\n\n\n\t\t<\/div>\n\t\t\t\t\n<style>\n#col-1271713493 > .col-inner {\n  padding: 40px 40px 40px 40px;\n}\n<\/style>\n\t<\/div>\n\n\t\n\n<\/div>\n\n\t\t<\/div>\n\t\t\t\t\t<\/div>\n\n\t\n\n\n<style>\n#row-62870329 > .col > .col-inner {\n  background-color: #273647;\n}\n<\/style>\n<\/div>\n\t<div id=\"gap-460658060\" class=\"gap-element clearfix\" style=\"display:block; height:auto;\">\n\t\t\n<style>\n#gap-460658060 {\n  padding-top: 30px;\n}\n<\/style>\n\t<\/div>\n\t\n\n<div class=\"row\"  id=\"row-1699750079\">\n\n\n\t<div id=\"col-1385992997\" class=\"col small-12 large-12\"  >\n\t\t\t\t<div class=\"col-inner\"  >\n\t\t\t\n\t\t\t\n\n\t<div id=\"text-854495991\" class=\"text\">\n\t\t\n\n<p><span style=\"font-size: 130%;\">For more information contact us on: +421 908 039 197<\/span><\/p>\n\t\t\n<style>\n#text-854495991 {\n  text-align: center;\n}\n<\/style>\n\t<\/div>\n\t\n\n\t\t<\/div>\n\t\t\t\t\t<\/div>\n\n\t\n\n<\/div>\n\n\t\t<\/div>\n\n\t\t\n<style>\n#section_1692093584 {\n  padding-top: 60px;\n  padding-bottom: 60px;\n}\n<\/style>\n\t<\/section>","protected":false},"excerpt":{"rendered":"","protected":false},"author":1,"featured_media":0,"parent":0,"menu_order":0,"comment_status":"closed","ping_status":"closed","template":"page-blank.php","meta":[],"yoast_head":"<!-- This site is optimized with the Yoast SEO plugin v18.5.1 - https:\/\/yoast.com\/wordpress\/plugins\/seo\/ -->\n<title>Jazdenie - PlatanHorses<\/title>\n<meta name=\"robots\" content=\"index, follow, max-snippet:-1, max-image-preview:large, max-video-preview:-1\" \/>\n<link rel=\"canonical\" href=\"https:\/\/www.platanhorses.sk\/en\/jazdenie-2\/\" \/>\n<meta property=\"og:locale\" content=\"en_GB\" \/>\n<meta property=\"og:type\" content=\"article\" \/>\n<meta property=\"og:title\" content=\"Jazdenie - PlatanHorses\" \/>\n<meta property=\"og:url\" content=\"https:\/\/www.platanhorses.sk\/en\/jazdenie-2\/\" \/>\n<meta property=\"og:site_name\" content=\"PlatanHorses\" \/>\n<meta property=\"article:modified_time\" content=\"2022-02-18T09:57:27+00:00\" \/>\n<meta name=\"twitter:card\" content=\"summary_large_image\" \/>\n<meta name=\"twitter:label1\" content=\"Estimated reading time\" \/>\n\t<meta name=\"twitter:data1\" content=\"4 minutes\" \/>\n<script type=\"application\/ld+json\" class=\"yoast-schema-graph\">{\"@context\":\"https:\/\/schema.org\",\"@graph\":[{\"@type\":\"WebSite\",\"@id\":\"https:\/\/www.platanhorses.sk\/#website\",\"url\":\"https:\/\/www.platanhorses.sk\/\",\"name\":\"PlatanHorses\",\"description\":\"\",\"potentialAction\":[{\"@type\":\"SearchAction\",\"target\":{\"@type\":\"EntryPoint\",\"urlTemplate\":\"https:\/\/www.platanhorses.sk\/?s={search_term_string}\"},\"query-input\":\"required name=search_term_string\"}],\"inLanguage\":\"en-GB\"},{\"@type\":\"WebPage\",\"@id\":\"https:\/\/www.platanhorses.sk\/jazdenie-2\/#webpage\",\"url\":\"https:\/\/www.platanhorses.sk\/jazdenie-2\/\",\"name\":\"Jazdenie - PlatanHorses\",\"isPartOf\":{\"@id\":\"https:\/\/www.platanhorses.sk\/#website\"},\"datePublished\":\"2022-01-21T14:08:45+00:00\",\"dateModified\":\"2022-02-18T09:57:27+00:00\",\"breadcrumb\":{\"@id\":\"https:\/\/www.platanhorses.sk\/jazdenie-2\/#breadcrumb\"},\"inLanguage\":\"en-GB\",\"potentialAction\":[{\"@type\":\"ReadAction\",\"target\":[\"https:\/\/www.platanhorses.sk\/jazdenie-2\/\"]}]},{\"@type\":\"BreadcrumbList\",\"@id\":\"https:\/\/www.platanhorses.sk\/jazdenie-2\/#breadcrumb\",\"itemListElement\":[{\"@type\":\"ListItem\",\"position\":1,\"name\":\"Home\",\"item\":\"https:\/\/www.platanhorses.sk\/\"},{\"@type\":\"ListItem\",\"position\":2,\"name\":\"Jazdenie\"}]}]}<\/script>\n<!-- \/ Yoast SEO plugin. -->","yoast_head_json":{"title":"Jazdenie - PlatanHorses","robots":{"index":"index","follow":"follow","max-snippet":"max-snippet:-1","max-image-preview":"max-image-preview:large","max-video-preview":"max-video-preview:-1"},"canonical":"https:\/\/www.platanhorses.sk\/en\/jazdenie-2\/","og_locale":"en_GB","og_type":"article","og_title":"Jazdenie - PlatanHorses","og_url":"https:\/\/www.platanhorses.sk\/en\/jazdenie-2\/","og_site_name":"PlatanHorses","article_modified_time":"2022-02-18T09:57:27+00:00","twitter_card":"summary_large_image","twitter_misc":{"Estimated reading time":"4 minutes"},"schema":{"@context":"https:\/\/schema.org","@graph":[{"@type":"WebSite","@id":"https:\/\/www.platanhorses.sk\/#website","url":"https:\/\/www.platanhorses.sk\/","name":"PlatanHorses","description":"","potentialAction":[{"@type":"SearchAction","target":{"@type":"EntryPoint","urlTemplate":"https:\/\/www.platanhorses.sk\/?s={search_term_string}"},"query-input":"required name=search_term_string"}],"inLanguage":"en-GB"},{"@type":"WebPage","@id":"https:\/\/www.platanhorses.sk\/jazdenie-2\/#webpage","url":"https:\/\/www.platanhorses.sk\/jazdenie-2\/","name":"Jazdenie - PlatanHorses","isPartOf":{"@id":"https:\/\/www.platanhorses.sk\/#website"},"datePublished":"2022-01-21T14:08:45+00:00","dateModified":"2022-02-18T09:57:27+00:00","breadcrumb":{"@id":"https:\/\/www.platanhorses.sk\/jazdenie-2\/#breadcrumb"},"inLanguage":"en-GB","potentialAction":[{"@type":"ReadAction","target":["https:\/\/www.platanhorses.sk\/jazdenie-2\/"]}]},{"@type":"BreadcrumbList","@id":"https:\/\/www.platanhorses.sk\/jazdenie-2\/#breadcrumb","itemListElement":[{"@type":"ListItem","position":1,"name":"Home","item":"https:\/\/www.platanhorses.sk\/"},{"@type":"ListItem","position":2,"name":"Jazdenie"}]}]}},"_links":{"self":[{"href":"https:\/\/www.platanhorses.sk\/en\/wp-json\/wp\/v2\/pages\/1118"}],"collection":[{"href":"https:\/\/www.platanhorses.sk\/en\/wp-json\/wp\/v2\/pages"}],"about":[{"href":"https:\/\/www.platanhorses.sk\/en\/wp-json\/wp\/v2\/types\/page"}],"author":[{"embeddable":true,"href":"https:\/\/www.platanhorses.sk\/en\/wp-json\/wp\/v2\/users\/1"}],"replies":[{"embeddable":true,"href":"https:\/\/www.platanhorses.sk\/en\/wp-json\/wp\/v2\/comments?post=1118"}],"version-history":[{"count":6,"href":"https:\/\/www.platanhorses.sk\/en\/wp-json\/wp\/v2\/pages\/1118\/revisions"}],"predecessor-version":[{"id":1253,"href":"https:\/\/www.platanhorses.sk\/en\/wp-json\/wp\/v2\/pages\/1118\/revisions\/1253"}],"wp:attachment":[{"href":"https:\/\/www.platanhorses.sk\/en\/wp-json\/wp\/v2\/media?parent=1118"}],"curies":[{"name":"wp","href":"https:\/\/api.w.org\/{rel}","templated":true}]}}